{"id":17,"date":"2019-07-24T06:45:30","date_gmt":"2019-07-24T04:45:30","guid":{"rendered":"http:\/\/closleopold.fr\/?page_id=17"},"modified":"2021-03-02T14:55:52","modified_gmt":"2021-03-02T13:55:52","slug":"clos-leopold-gigondas-vignoble-bio","status":"publish","type":"page","link":"https:\/\/closleopold.fr\/","title":{"rendered":"Accueil"},"content":{"rendered":"<p>Julien Mazaloubaud, a un r\u00eave : inscrire un jour le nom de son grand-p\u00e8re L\u00e9opold sur la carte des plus grands chefs \u00e9toil\u00e9s.<\/p>\n<p>Le pari a d\u00e9but\u00e9 en 2002, lorsque Julien h\u00e9rite d\u2019un Clos extraordinaire, un des plus beaux points de vue de Gigondas : 6 hectares de vignes escarp\u00e9es, nich\u00e9es dans un vallon au pied des Dentelles de Montmirail.<\/p>\n<p>Aujourd\u2019hui, en duo avec sa femme Anne-Caroline, il cultive les vignes familiales en agriculture biologique et produit un Gigondas moderne, atypique (60% grenache, 40 % syrah), \u00e0 la fra\u00eecheur gourmande.<\/p>\n<p>Le Clos L\u00e9opold a d\u00e9j\u00e0 s\u00e9duit les connaisseurs suisses qui n&#8217;h\u00e9sitent pas \u00e0 faire le d\u00e9placement jusqu&#8217;\u00e0 Gigondas. Prochaine \u00e9tape pour Julien et Anne-Caroline : recevoir en d\u00e9gustation les sommeliers et les professionnels devenus curieux gr\u00e2ce au bouche-\u00e0-oreille !<\/p>\n\n\n<h2><\/h2>\n","protected":false},"excerpt":{"rendered":"<p>Julien Mazaloubaud, a un r\u00eave : inscrire un jour le nom de son grand-p\u00e8re L\u00e9opold sur la carte des plus grands chefs \u00e9toil\u00e9s. Le pari a d\u00e9but\u00e9 en 2002, lorsque Julien h\u00e9rite d\u2019un Clos extraordinaire, un des plus beaux points de vue de Gigondas : 6 hectares de vignes escarp\u00e9es, nich\u00e9es dans un vallon au &hellip; <\/p>\n<p class=\"link-more\"><a href=\"https:\/\/closleopold.fr\/\" class=\"more-link\">Continue reading<span class=\"screen-reader-text\"> &#8220;Accueil&#8221;<\/span><\/a><\/p>\n","protected":false},"author":1,"featured_media":0,"parent":0,"menu_order":0,"comment_status":"closed","ping_status":"closed","template":"","meta":[],"yoast_head":"<!-- This site is optimized with the Yoast SEO plugin v15.9 - https:\/\/yoast.com\/wordpress\/plugins\/seo\/ -->\n<title>Clos L\u00e9opold - AOP Gigondas France - Vignoble biologique<\/title>\n<meta name=\"description\" content=\"Clos L\u00e9opold - AOP Gigondas. Vignobles bio au pied des Dentelles de Montmirail. 60% grenache,40 % syrah %\" \/>\n<meta name=\"robots\" content=\"index, follow, max-snippet:-1, max-image-preview:large, max-video-preview:-1\" \/>\n<link rel=\"canonical\" href=\"https:\/\/closleopold.fr\/\" \/>\n<meta property=\"og:locale\" content=\"en_US\" \/>\n<meta property=\"og:type\" content=\"article\" \/>\n<meta property=\"og:title\" content=\"Clos L\u00e9opold - AOP Gigondas France - Vignoble biologique\" \/>\n<meta property=\"og:description\" content=\"Clos L\u00e9opold - AOP Gigondas. Vignobles bio au pied des Dentelles de Montmirail. 60% grenache,40 % syrah %\" \/>\n<meta property=\"og:url\" content=\"https:\/\/closleopold.fr\/\" \/>\n<meta property=\"og:site_name\" content=\"Clos L\u00e9opold\" \/>\n<meta property=\"article:modified_time\" content=\"2021-03-02T13:55:52+00:00\" \/>\n<meta name=\"twitter:card\" content=\"summary_large_image\" \/>\n<meta name=\"twitter:label1\" content=\"Est. reading time\">\n\t<meta name=\"twitter:data1\" content=\"1 minute\">\n<script type=\"application\/ld+json\" class=\"yoast-schema-graph\">{\"@context\":\"https:\/\/schema.org\",\"@graph\":[{\"@type\":\"WebSite\",\"@id\":\"https:\/\/closleopold.fr\/#website\",\"url\":\"https:\/\/closleopold.fr\/\",\"name\":\"Clos L\\u00e9opold\",\"description\":\"AOP GIGONDAS - France\",\"potentialAction\":[{\"@type\":\"SearchAction\",\"target\":\"https:\/\/closleopold.fr\/?s={search_term_string}\",\"query-input\":\"required name=search_term_string\"}],\"inLanguage\":\"en-US\"},{\"@type\":\"WebPage\",\"@id\":\"https:\/\/closleopold.fr\/#webpage\",\"url\":\"https:\/\/closleopold.fr\/\",\"name\":\"Clos L\\u00e9opold - AOP Gigondas France - Vignoble biologique\",\"isPartOf\":{\"@id\":\"https:\/\/closleopold.fr\/#website\"},\"datePublished\":\"2019-07-24T04:45:30+00:00\",\"dateModified\":\"2021-03-02T13:55:52+00:00\",\"description\":\"Clos L\\u00e9opold - AOP Gigondas. Vignobles bio au pied des Dentelles de Montmirail. 60% grenache,40 % syrah %\",\"breadcrumb\":{\"@id\":\"https:\/\/closleopold.fr\/#breadcrumb\"},\"inLanguage\":\"en-US\",\"potentialAction\":[{\"@type\":\"ReadAction\",\"target\":[\"https:\/\/closleopold.fr\/\"]}]},{\"@type\":\"BreadcrumbList\",\"@id\":\"https:\/\/closleopold.fr\/#breadcrumb\",\"itemListElement\":[{\"@type\":\"ListItem\",\"position\":1,\"item\":{\"@type\":\"WebPage\",\"@id\":\"https:\/\/closleopold.fr\/\",\"url\":\"https:\/\/closleopold.fr\/\",\"name\":\"Accueil\"}},{\"@type\":\"ListItem\",\"position\":2,\"item\":{\"@type\":\"WebPage\",\"@id\":\"https:\/\/closleopold.fr\/\",\"url\":\"https:\/\/closleopold.fr\/\",\"name\":\"Accueil\"}}]}]}<\/script>\n<!-- \/ Yoast SEO plugin. -->","_links":{"self":[{"href":"https:\/\/closleopold.fr\/index.php\/wp-json\/wp\/v2\/pages\/17"}],"collection":[{"href":"https:\/\/closleopold.fr\/index.php\/wp-json\/wp\/v2\/pages"}],"about":[{"href":"https:\/\/closleopold.fr\/index.php\/wp-json\/wp\/v2\/types\/page"}],"author":[{"embeddable":true,"href":"https:\/\/closleopold.fr\/index.php\/wp-json\/wp\/v2\/users\/1"}],"replies":[{"embeddable":true,"href":"https:\/\/closleopold.fr\/index.php\/wp-json\/wp\/v2\/comments?post=17"}],"version-history":[{"count":5,"href":"https:\/\/closleopold.fr\/index.php\/wp-json\/wp\/v2\/pages\/17\/revisions"}],"predecessor-version":[{"id":75,"href":"https:\/\/closleopold.fr\/index.php\/wp-json\/wp\/v2\/pages\/17\/revisions\/75"}],"wp:attachment":[{"href":"https:\/\/closleopold.fr\/index.php\/wp-json\/wp\/v2\/media?parent=17"}],"curies":[{"name":"wp","href":"https:\/\/api.w.org\/{rel}","templated":true}]}}