{"id":18,"date":"2019-07-24T06:45:30","date_gmt":"2019-07-24T04:45:30","guid":{"rendered":"http:\/\/closleopold.fr\/?page_id=18"},"modified":"2021-01-13T20:18:47","modified_gmt":"2021-01-13T19:18:47","slug":"a-propos-de","status":"publish","type":"page","link":"https:\/\/closleopold.fr\/index.php\/a-propos-de\/","title":{"rendered":"\u00c0 propos de"},"content":{"rendered":"<p>Le Clos L\u00e9opold est situ\u00e9 sur les hauteurs de Gigondas, un coin pr\u00e9serv\u00e9, arbor\u00e9, dans les Dentelles de Montmirail. C&#8217;est dans les pentes que L\u00e9opold, le grand-p\u00e8re de Julien, a plant\u00e9 les premi\u00e8res vignes. C&#8217;est dans ces m\u00eames pentes que Julien conduit ses vignes en agriculture biologique.<\/p>\n<p>T\u00e9l\u00e9chargez le <a href=\"http:\/\/closleopold.fr\/wp-content\/uploads\/2021\/01\/ClosLEOPOLD-Gigondas-CP-8pCompl-RET.pdf\">dossier de presse<\/a> (8 pages) ou <a href=\"http:\/\/closleopold.fr\/wp-content\/uploads\/2021\/01\/ClosLEOPOLD-Gigondas-CP-2p.pdf\">le r\u00e9sum\u00e9<\/a> (2 pages).<\/p>\n","protected":false},"excerpt":{"rendered":"<p>Le Clos L\u00e9opold est situ\u00e9 sur les hauteurs de Gigondas, un coin pr\u00e9serv\u00e9, arbor\u00e9, dans les Dentelles de Montmirail. C&#8217;est dans les pentes que L\u00e9opold, le grand-p\u00e8re de Julien, a plant\u00e9 les premi\u00e8res vignes. C&#8217;est dans ces m\u00eames pentes que Julien conduit ses vignes en agriculture biologique. T\u00e9l\u00e9chargez le dossier de presse (8 pages) ou &hellip; <\/p>\n<p class=\"link-more\"><a href=\"https:\/\/closleopold.fr\/index.php\/a-propos-de\/\" class=\"more-link\">Continue reading<span class=\"screen-reader-text\"> &#8220;\u00c0 propos de&#8221;<\/span><\/a><\/p>\n","protected":false},"author":1,"featured_media":0,"parent":0,"menu_order":0,"comment_status":"closed","ping_status":"closed","template":"","meta":[],"yoast_head":"<!-- This site is optimized with the Yoast SEO plugin v15.9 - https:\/\/yoast.com\/wordpress\/plugins\/seo\/ -->\n<title>\u00c0 propos de - Clos L\u00e9opold<\/title>\n<meta name=\"robots\" content=\"index, follow, max-snippet:-1, max-image-preview:large, max-video-preview:-1\" \/>\n<link rel=\"canonical\" href=\"https:\/\/closleopold.fr\/index.php\/a-propos-de\/\" \/>\n<meta property=\"og:locale\" content=\"en_US\" \/>\n<meta property=\"og:type\" content=\"article\" \/>\n<meta property=\"og:title\" content=\"\u00c0 propos de - Clos L\u00e9opold\" \/>\n<meta property=\"og:description\" content=\"Le Clos L\u00e9opold est situ\u00e9 sur les hauteurs de Gigondas, un coin pr\u00e9serv\u00e9, arbor\u00e9, dans les Dentelles de Montmirail. C&#8217;est dans les pentes que L\u00e9opold, le grand-p\u00e8re de Julien, a plant\u00e9 les premi\u00e8res vignes. C&#8217;est dans ces m\u00eames pentes que Julien conduit ses vignes en agriculture biologique. T\u00e9l\u00e9chargez le dossier de presse (8 pages) ou &hellip; Continue reading &quot;\u00c0 propos de&quot;\" \/>\n<meta property=\"og:url\" content=\"https:\/\/closleopold.fr\/index.php\/a-propos-de\/\" \/>\n<meta property=\"og:site_name\" content=\"Clos L\u00e9opold\" \/>\n<meta property=\"article:modified_time\" content=\"2021-01-13T19:18:47+00:00\" \/>\n<meta name=\"twitter:card\" content=\"summary_large_image\" \/>\n<script type=\"application\/ld+json\" class=\"yoast-schema-graph\">{\"@context\":\"https:\/\/schema.org\",\"@graph\":[{\"@type\":\"WebSite\",\"@id\":\"https:\/\/closleopold.fr\/#website\",\"url\":\"https:\/\/closleopold.fr\/\",\"name\":\"Clos L\\u00e9opold\",\"description\":\"AOP GIGONDAS - France\",\"potentialAction\":[{\"@type\":\"SearchAction\",\"target\":\"https:\/\/closleopold.fr\/?s={search_term_string}\",\"query-input\":\"required name=search_term_string\"}],\"inLanguage\":\"en-US\"},{\"@type\":\"WebPage\",\"@id\":\"https:\/\/closleopold.fr\/index.php\/a-propos-de\/#webpage\",\"url\":\"https:\/\/closleopold.fr\/index.php\/a-propos-de\/\",\"name\":\"\\u00c0 propos de - Clos L\\u00e9opold\",\"isPartOf\":{\"@id\":\"https:\/\/closleopold.fr\/#website\"},\"datePublished\":\"2019-07-24T04:45:30+00:00\",\"dateModified\":\"2021-01-13T19:18:47+00:00\",\"breadcrumb\":{\"@id\":\"https:\/\/closleopold.fr\/index.php\/a-propos-de\/#breadcrumb\"},\"inLanguage\":\"en-US\",\"potentialAction\":[{\"@type\":\"ReadAction\",\"target\":[\"https:\/\/closleopold.fr\/index.php\/a-propos-de\/\"]}]},{\"@type\":\"BreadcrumbList\",\"@id\":\"https:\/\/closleopold.fr\/index.php\/a-propos-de\/#breadcrumb\",\"itemListElement\":[{\"@type\":\"ListItem\",\"position\":1,\"item\":{\"@type\":\"WebPage\",\"@id\":\"https:\/\/closleopold.fr\/\",\"url\":\"https:\/\/closleopold.fr\/\",\"name\":\"Accueil\"}},{\"@type\":\"ListItem\",\"position\":2,\"item\":{\"@type\":\"WebPage\",\"@id\":\"https:\/\/closleopold.fr\/index.php\/a-propos-de\/\",\"url\":\"https:\/\/closleopold.fr\/index.php\/a-propos-de\/\",\"name\":\"\\u00c0 propos de\"}}]}]}<\/script>\n<!-- \/ Yoast SEO plugin. -->","_links":{"self":[{"href":"https:\/\/closleopold.fr\/index.php\/wp-json\/wp\/v2\/pages\/18"}],"collection":[{"href":"https:\/\/closleopold.fr\/index.php\/wp-json\/wp\/v2\/pages"}],"about":[{"href":"https:\/\/closleopold.fr\/index.php\/wp-json\/wp\/v2\/types\/page"}],"author":[{"embeddable":true,"href":"https:\/\/closleopold.fr\/index.php\/wp-json\/wp\/v2\/users\/1"}],"replies":[{"embeddable":true,"href":"https:\/\/closleopold.fr\/index.php\/wp-json\/wp\/v2\/comments?post=18"}],"version-history":[{"count":5,"href":"https:\/\/closleopold.fr\/index.php\/wp-json\/wp\/v2\/pages\/18\/revisions"}],"predecessor-version":[{"id":68,"href":"https:\/\/closleopold.fr\/index.php\/wp-json\/wp\/v2\/pages\/18\/revisions\/68"}],"wp:attachment":[{"href":"https:\/\/closleopold.fr\/index.php\/wp-json\/wp\/v2\/media?parent=18"}],"curies":[{"name":"wp","href":"https:\/\/api.w.org\/{rel}","templated":true}]}}